{"id":1029,"date":"2012-08-29T13:48:30","date_gmt":"2012-08-29T13:48:30","guid":{"rendered":"http:\/\/www.deriz.de\/erfolg"},"modified":"2020-02-07T18:22:07","modified_gmt":"2020-02-07T18:22:07","slug":"lebensberatung","status":"publish","type":"page","link":"https:\/\/www.deriz.de\/erfolg\/lebensberatung","title":{"rendered":"Pers\u00f6nliches Coaching"},"content":{"rendered":"<p><img loading=\"lazy\" decoding=\"async\" class=\"alignleft wp-image-2568 size-medium\" src=\"https:\/\/www.deriz.de\/erfolg\/wp-content\/uploads\/2020\/02\/AdR_Gespraech_web-300x225.jpeg\" alt=\"Pers\u00f6nliches Coaching\" width=\"300\" height=\"225\" srcset=\"https:\/\/www.deriz.de\/erfolg\/wp-content\/uploads\/2020\/02\/AdR_Gespraech_web-300x225.jpeg 300w, https:\/\/www.deriz.de\/erfolg\/wp-content\/uploads\/2020\/02\/AdR_Gespraech_web-360x270.jpeg 360w, https:\/\/www.deriz.de\/erfolg\/wp-content\/uploads\/2020\/02\/AdR_Gespraech_web-250x188.jpeg 250w, https:\/\/www.deriz.de\/erfolg\/wp-content\/uploads\/2020\/02\/AdR_Gespraech_web-100x75.jpeg 100w, https:\/\/www.deriz.de\/erfolg\/wp-content\/uploads\/2020\/02\/AdR_Gespraech_web.jpeg 400w\" sizes=\"auto, (max-width: 300px) 100vw, 300px\" \/>Was ist mir in meinem Leben wirklich wichtig? Was h\u00e4lt mich auf, was bringt mich in meiner Entwicklung voran, zu mehr Zufriedenheit, Gl\u00fcck und Erfolg?<\/p>\n<p>Ob es uns gef\u00e4llt oder nicht: Situationen, die wir als schwierig oder problematisch erleben, sind Teil unseres Lebens. Oft sind Umbr\u00fcche im Familien- oder Berufsleben oder anstehende Entscheidungen Ausl\u00f6ser daf\u00fcr. Aber auch andere pers\u00f6nliche Fragestellungen besch\u00e4ftigen uns manchmal so sehr, dass sie blockierend wirken oder unsere Lebensfreude einschr\u00e4nken.<\/p>\n<p>Als systemischer Coach biete ich Ihnen die M\u00f6glichkeit, Ihr Anliegen l\u00f6sungsorientiert zu reflektieren. Dabei hat sich nach meiner Erfahrung eine Kombination aus systemischem Coaching und psychologischer Beratung als besonders hilfreich erwiesen.<\/p>\n<pre>Vereinfacht l\u00e4sst sich das mit einer Projektarbeit vergleichen,\nin der wir ein Ziel festlegen, L\u00f6sungsalternativen finden und\nauf \"Realisierbarkeit\" pr\u00fcfen\u00a0\n- und daraus Ihren \"alltagstauglichen\" L\u00f6sungsweg entwickeln.<\/pre>\n<p>Mit diesem besonderen Angebot sehe ich mich als Impulsgeberin und zeitlich begrenzte &#8222;Projekt-Begleiterin&#8220;.<\/p>\n<h4>Gemeinsam entwickeln wir L\u00f6sungswege f\u00fcr Ihre individuelle Fragestellung,<\/h4>\n<p>wie zum Beispiel<\/p>\n<ul>\n<li>Famili\u00e4re Ver\u00e4nderung (neue Partnerschaft, Trennung, (bevorstehende) Geburt eines Kindes, Pflegebed\u00fcrftigkeit von Angeh\u00f6rigen etc.)<\/li>\n<li>Eintritt ins\/Austritt aus dem Berufsleben<\/li>\n<li>Erf\u00fcllte Lebensplanung im Ruhestand<\/li>\n<li>Jobwechsel oder -verlust<\/li>\n<li>Umzug und Neubeginn<\/li>\n<li>Vereinbarkeit von Familie und Beruf<\/li>\n<li>St\u00e4rkung und Erhalt des Selbstbewusstseins<\/li>\n<li>Umgang mit pers\u00f6nlichen Krisen<\/li>\n<li>Konfliktmanagement<\/li>\n<li>Pers\u00f6nlichkeitsentwicklung<\/li>\n<li>Burnout<\/li>\n<li>Mobbing<\/li>\n<\/ul>\n","protected":false},"excerpt":{"rendered":"<p>Was ist mir in meinem Leben wirklich wichtig? Was h\u00e4lt mich auf, was bringt mich in meiner Entwicklung voran, zu mehr Zufriedenheit, Gl\u00fcck und Erfolg? Ob es uns gef\u00e4llt oder nicht: Situationen, die wir als schwierig oder problematisch erleben, sind Teil unseres Lebens. Oft sind [&hellip;]<\/p>\n","protected":false},"author":1,"featured_media":0,"parent":0,"menu_order":3,"comment_status":"closed","ping_status":"closed","template":"","meta":{"footnotes":""},"class_list":["post-1029","page","type-page","status-publish","hentry","clearfix"],"_links":{"self":[{"href":"https:\/\/www.deriz.de\/erfolg\/wp-json\/wp\/v2\/pages\/1029","targetHints":{"allow":["GET"]}}],"collection":[{"href":"https:\/\/www.deriz.de\/erfolg\/wp-json\/wp\/v2\/pages"}],"about":[{"href":"https:\/\/www.deriz.de\/erfolg\/wp-json\/wp\/v2\/types\/page"}],"author":[{"embeddable":true,"href":"https:\/\/www.deriz.de\/erfolg\/wp-json\/wp\/v2\/users\/1"}],"replies":[{"embeddable":true,"href":"https:\/\/www.deriz.de\/erfolg\/wp-json\/wp\/v2\/comments?post=1029"}],"version-history":[{"count":21,"href":"https:\/\/www.deriz.de\/erfolg\/wp-json\/wp\/v2\/pages\/1029\/revisions"}],"predecessor-version":[{"id":2589,"href":"https:\/\/www.deriz.de\/erfolg\/wp-json\/wp\/v2\/pages\/1029\/revisions\/2589"}],"wp:attachment":[{"href":"https:\/\/www.deriz.de\/erfolg\/wp-json\/wp\/v2\/media?parent=1029"}],"curies":[{"name":"wp","href":"https:\/\/api.w.org\/{rel}","templated":true}]}}