{"id":138,"date":"2011-04-17T12:20:35","date_gmt":"2011-04-17T12:20:35","guid":{"rendered":"http:\/\/www.deriz.de\/erfolg\/?page_id=138"},"modified":"2018-07-10T10:39:16","modified_gmt":"2018-07-10T10:39:16","slug":"karrierecoaching","status":"publish","type":"page","link":"https:\/\/www.deriz.de\/erfolg\/coaching\/karrierecoaching","title":{"rendered":"Karriere"},"content":{"rendered":"<p>Coaching rund um Ihre berufliche Entwicklung und Ihren Berufsalltag, z.B.<br \/>\nKarriereplanung und -entwicklung, F\u00fchrungsaufgaben, Rollen- und  Aufgabenklarheit,\u00a0 Burnout-Pr\u00e4vention, Mobbing, Team-Konflikte, Konkurrenz und Machtspiele etc.<\/p>\n<p>Damit Sie beruflich Erfolg haben, gen\u00fcgt es nicht, dass Sie sehr gut   sind, in          dem was Sie tun. Sie m\u00fcssen selbst davon \u00fcberzeugt  sein und dies auch anderen vermitteln.<\/p>\n<p>Damit Sie beruflichen Erfolg haben, m\u00fcssen Sie deshalb vor allem selbst wissen &#8230;<\/p>\n<pre>... was Sie k\u00f6nnen, wohin Sie beruflich wollen und \r\nwie Sie dahin kommen!<\/pre>\n<p>Gemeinsam werden wir<\/p>\n<ul>\n<li> Ihre individuellen Kompetenzen identifizieren<\/li>\n<li> erfolgbringende Ziele festlegen<\/li>\n<li> Ihre Motivation stabil verankern<\/li>\n<li> m\u00f6gliche Blockaden oder Hindernisse reflektieren und Handlungsalternativen entwickeln<\/li>\n<li> Ihre speziellen St\u00e4rken nutzen<\/li>\n<li> neue Wege erkunden<\/li>\n<\/ul>\n","protected":false},"excerpt":{"rendered":"<p>Coaching rund um Ihre berufliche Entwicklung und Ihren Berufsalltag, z.B. Karriereplanung und -entwicklung, F\u00fchrungsaufgaben, Rollen- und Aufgabenklarheit,\u00a0 Burnout-Pr\u00e4vention, Mobbing, Team-Konflikte, Konkurrenz und Machtspiele etc. Damit Sie beruflich Erfolg haben, gen\u00fcgt es nicht, dass Sie sehr gut sind, in dem was Sie tun. Sie m\u00fcssen selbst [&hellip;]<\/p>\n","protected":false},"author":1,"featured_media":0,"parent":675,"menu_order":3,"comment_status":"closed","ping_status":"open","template":"","meta":{"footnotes":""},"class_list":["post-138","page","type-page","status-publish","hentry","clearfix"],"_links":{"self":[{"href":"https:\/\/www.deriz.de\/erfolg\/wp-json\/wp\/v2\/pages\/138","targetHints":{"allow":["GET"]}}],"collection":[{"href":"https:\/\/www.deriz.de\/erfolg\/wp-json\/wp\/v2\/pages"}],"about":[{"href":"https:\/\/www.deriz.de\/erfolg\/wp-json\/wp\/v2\/types\/page"}],"author":[{"embeddable":true,"href":"https:\/\/www.deriz.de\/erfolg\/wp-json\/wp\/v2\/users\/1"}],"replies":[{"embeddable":true,"href":"https:\/\/www.deriz.de\/erfolg\/wp-json\/wp\/v2\/comments?post=138"}],"version-history":[{"count":21,"href":"https:\/\/www.deriz.de\/erfolg\/wp-json\/wp\/v2\/pages\/138\/revisions"}],"predecessor-version":[{"id":2301,"href":"https:\/\/www.deriz.de\/erfolg\/wp-json\/wp\/v2\/pages\/138\/revisions\/2301"}],"up":[{"embeddable":true,"href":"https:\/\/www.deriz.de\/erfolg\/wp-json\/wp\/v2\/pages\/675"}],"wp:attachment":[{"href":"https:\/\/www.deriz.de\/erfolg\/wp-json\/wp\/v2\/media?parent=138"}],"curies":[{"name":"wp","href":"https:\/\/api.w.org\/{rel}","templated":true}]}}