{"id":1999,"date":"2016-05-19T15:29:35","date_gmt":"2016-05-19T15:29:35","guid":{"rendered":"http:\/\/www.deriz.de\/erfolg\/?page_id=1999"},"modified":"2020-03-26T09:43:49","modified_gmt":"2020-03-26T09:43:49","slug":"coaching-mit-pep","status":"publish","type":"page","link":"https:\/\/www.deriz.de\/erfolg\/kontakt\/ich-bin\/coaching-mit-pep","title":{"rendered":"Coaching mit PEP<sup>\u00ae (nach Dr. Bohne)<\/sup>"},"content":{"rendered":"<p><a href=\"https:\/\/www.deriz.de\/erfolg\/kontakt\/ich-bin\">Systemisches Coaching<\/a> und die Erg\u00e4nzung durch sogenannte \u201ebottom-up\u201c- Methoden (vom K\u00f6rper in den Kopf) erlebe ich nach wie vor und immer wieder als sinnstiftende Arbeit. Kurz gesagt: ich mach meinen Job echt gern! PEP als zus\u00e4tzliche Coaching-Technik hat sich da passgenau einf\u00fcgt und erg\u00e4nzt meinen professionellen Handlungsspielraum im Coaching fundiert und kreativ.<\/p>\n<h3>PEP<sup>\u00ae (nach Dr. Bohne)<\/sup> und Hirnforschung<\/h3>\n<p><a href=\"https:\/\/www.dr-michael-bohne.de\/pep-forschung.html\" target=\"_blank\" rel=\"noopener noreferrer\">Forschung an der Medizinischen Hochschule Hannover<\/a><\/p>\n<p><a href=\"https:\/\/flugangsttherapie.com\/\" target=\"_blank\" rel=\"noopener noreferrer\">Flugangst-Studie<\/a><\/p>\n<h3>Interessantes \u00fcber PEP<sup>\u00ae (nach Dr. Bohne)<\/sup> in der Presse<\/h3>\n<p><a href=\"https:\/\/schrotundkorn.de\/gesundheitwohlfuehlen\/lesen\/klopfen-gegen-lampenfieber.html\" target=\"_blank\" rel=\"noopener noreferrer\">Klopfen gegen Lampenfieber<\/a><\/p>\n<h2>Was ist PEP<sup>\u00ae (nach Dr. Bohne)<\/sup>?<\/h2>\n<p>Entwickelt wurde PEP von <a href=\"https:\/\/www.dr-michael-bohne.de\/NAVIGATION-OBEN.6.0.html\" target=\"_blank\" rel=\"noopener noreferrer\">Dr. Michael Bohne<\/a>, Psychiater, Therapeut und Coach. PEP steht f\u00fcr Prozess- und Embodimentfokussierte-Psychologie. Was sich im ersten Moment eventuell ungewohnt liest, dr\u00fcckt genau aus, worum es geht: PEP erm\u00f6glicht das Aufsp\u00fcren und Aufl\u00f6sen belastender Gef\u00fchle und innerer Blockaden in einem bifokalen (Kopf &amp; K\u00f6rper) -multisensorischen (Sinneswahrnehmungen) Prozess.<\/p>\n<p>PEP kommt \u201escheinbar\u201c mit Leichtigkeit und Humor daher und hat gleichzeitig eine tiefe Wirkkraft. \u2028Da geht so manches T\u00fcrchen auf, das man fest verschlossen glaubte.<\/p>\n<pre>PEP erm\u00f6glicht das Aufl\u00f6sen belastender Gef\u00fchle \n  oder schmerzhafter Erinnerungen.\nPEP hilft \u201eRote Ampeln\u201c zu identifizieren und aufzul\u00f6sen, \n  die das tats\u00e4chliche Erreichen eines Ziels bisher ausbremsen.\nPEP wirkt nachhaltig durch einen integrativen \n  \u201eKopf und K\u00f6rper\u201c -orientierten Prozess.<\/pre>\n<p>Der Hirnforscher Antonio Damasio nennt den K\u00f6rper \u201edie B\u00fchne der Gef\u00fchle\u201c. Will ich also Gef\u00fchle bearbeiten, muss ich dies auch auf deren B\u00fchne tun. Die Art und Weise, wie wir f\u00fchlen beeinflusst nach Luc Ciompi (schweizer Psychiater) die Art und Weise, wie wir Denken. Wir alle kennen die Auswirkungen unserer Gef\u00fchle auf unser Denken und Handeln aus dem Alltag: Wenn ich in Hochstimmung bin, scheint es mir durchaus plausibel, dass ich im Leben noch dies und das erreichen werde, habe ich einen \u201emiesen Tag\u201c, kommt mir das eher unerreichbar vor.<\/p>\n<h2>Wie wirkt PEP<sup>\u00ae (nach Dr. Bohne)<\/sup>?<\/h2>\n<p>Diese Wechselwirkung wird mit PEP genutzt. F\u00fcr mich ist es wie eine Art Ping-Pong-Ball, der zwischen Denken und F\u00fchlen hin- und herspringt ( = multifokaler und multisensorischer Prozess). Dabei werden belastende Gef\u00fchle und die mit ihnen verkn\u00fcpften blockierenden neuronalen Muster irritiert, aufgel\u00f6st und neue hilfreiche Verkn\u00fcpfungen initiiert.<\/p>\n<p>Es ist immer wieder spannend und h\u00f6chst erstaunlich zu erleben, welche Energien und welchen Spielraum das freisetzt.<\/p>\n<h2>H\u00e4ufige Einsatzgebiete sind z.B:<\/h2>\n<ul>\n<li>Realisierung beruflicher oder privater Ziele<\/li>\n<li>Unerf\u00fcllte Ver\u00e4nderungsw\u00fcnsche<\/li>\n<li>Unsicherheit in der Selbstpr\u00e4sentation, z.B. Mitarbeitergespr\u00e4ch, Bewerbung, Akquise<\/li>\n<li>Redeangst, Pr\u00fcfungsangst, Auftrittsangst<\/li>\n<li>sich klar positionieren, nein sagen k\u00f6nnen, eigene Interessen vertreten<\/li>\n<li>Ern\u00e4hrungsumstellung, Abnehmen\/Zunehmen, Aufh\u00f6ren zu Rauchen, Kaffeekonsum einschr\u00e4nken, mehr\/anderer Sport, gesunde Lebensweise<\/li>\n<\/ul>\n<p>Besonderes Highlight: <a href=\"https:\/\/www.deriz.de\/erfolg\/selbstwerttraining\">Selbstwerttraining mit PEP<sup>\u00ae (nach Dr. Bohne)<\/sup><\/a> &#8211; Da kommt Lebensfreude auf!<\/p>\n","protected":false},"excerpt":{"rendered":"<p>Systemisches Coaching und die Erg\u00e4nzung durch sogenannte \u201ebottom-up\u201c- Methoden (vom K\u00f6rper in den Kopf) erlebe ich nach wie vor und immer wieder als sinnstiftende Arbeit. Kurz gesagt: ich mach meinen Job echt gern! PEP als zus\u00e4tzliche Coaching-Technik hat sich da passgenau einf\u00fcgt und erg\u00e4nzt meinen [&hellip;]<\/p>\n","protected":false},"author":1,"featured_media":0,"parent":379,"menu_order":1,"comment_status":"closed","ping_status":"closed","template":"","meta":{"footnotes":""},"class_list":["post-1999","page","type-page","status-publish","hentry","clearfix"],"_links":{"self":[{"href":"https:\/\/www.deriz.de\/erfolg\/wp-json\/wp\/v2\/pages\/1999","targetHints":{"allow":["GET"]}}],"collection":[{"href":"https:\/\/www.deriz.de\/erfolg\/wp-json\/wp\/v2\/pages"}],"about":[{"href":"https:\/\/www.deriz.de\/erfolg\/wp-json\/wp\/v2\/types\/page"}],"author":[{"embeddable":true,"href":"https:\/\/www.deriz.de\/erfolg\/wp-json\/wp\/v2\/users\/1"}],"replies":[{"embeddable":true,"href":"https:\/\/www.deriz.de\/erfolg\/wp-json\/wp\/v2\/comments?post=1999"}],"version-history":[{"count":18,"href":"https:\/\/www.deriz.de\/erfolg\/wp-json\/wp\/v2\/pages\/1999\/revisions"}],"predecessor-version":[{"id":2605,"href":"https:\/\/www.deriz.de\/erfolg\/wp-json\/wp\/v2\/pages\/1999\/revisions\/2605"}],"up":[{"embeddable":true,"href":"https:\/\/www.deriz.de\/erfolg\/wp-json\/wp\/v2\/pages\/379"}],"wp:attachment":[{"href":"https:\/\/www.deriz.de\/erfolg\/wp-json\/wp\/v2\/media?parent=1999"}],"curies":[{"name":"wp","href":"https:\/\/api.w.org\/{rel}","templated":true}]}}