{"id":2480,"date":"2019-09-19T10:30:55","date_gmt":"2019-09-19T10:30:55","guid":{"rendered":"https:\/\/www.deriz.de\/erfolg\/?page_id=2480"},"modified":"2023-04-14T12:36:04","modified_gmt":"2023-04-14T12:36:04","slug":"team-entwicklung-32","status":"publish","type":"page","link":"https:\/\/www.deriz.de\/erfolg\/team-entwicklung-32","title":{"rendered":"Team-Entwicklung 3<sup>2<\/sup>"},"content":{"rendered":"\n<p>Wir \u201eticken\u201c alle unterschiedlich. Was f\u00fcr mich passt, treibt andere auf die Palme. Was mich antreibt und motiviert, hat auf andere eher eine Bremswirkung. Wo ich mich langweile, laufen andere zu Hochform auf. Und so weiter und so weiter. Diese Unterschiede kennen wir alle &#8211; und im beruflichen Alltag fordern sie uns in Form von Missverst\u00e4ndnissen und Reibungsverlusten immer wieder heraus. Die Zusammenarbeit im Team bleibt daher oft unterhalb des Team-Potenzials.<\/p>\n\n\n\n<p>Teamentwicklung 3<sup>2<\/sup>  setzt hier an und greift unmittelbar, gezielt und nachhaltig. <\/p>\n\n\n\n<p>Teamentwicklung 3<sup>2<\/sup>  nutzt dazu einen &#8222;embodimentalen&#8220; Zugang methodisch, um  bewusste UND unbewusste Verarbeitungssysteme  anzusprechen und zu synchronisieren und damit \u2026<\/p>\n\n\n\n<p><code>besser zu verstehen, warum ich mich verhalte, wie ich es tue<\/code><\/p>\n\n\n\n<p><code>meine Motivations\u201ctrigger\u201c und Bremskl\u00f6tze genau zu (er)kennen<\/code><\/p>\n\n\n\n<p><code>meine Wirkung auf andere klarer einsch\u00e4tzen zu k\u00f6nnen und <\/code><\/p>\n\n\n\n<p><code>mein Verhalten situativ reflektieren und bei Bedarf zielgerichtet anpassen zu k\u00f6nnen.<\/code><\/p>\n\n\n\n<p>Dadurch kommen alle Beteiligten im Team in einen guten und konstruktiven Kommunikations-&#8222;Flow&#8220; miteinander. Das Potenzial des Teams kann sich effektiv entfalten.<\/p>\n\n\n\n<p>Das Konzept 3<sup>2<\/sup> basiert auf Erkenntnissen der neueren Kognitionswissenschaft und nutzt einen sogenannten embodimentalen Zugang zu unseren inneren Prozessen. <\/p>\n\n\n\n<p>Embodiment ber\u00fccksichtigt die Tatsache, dass unser Bewusstsein und unsere Psyche naturgem\u00e4\u00df in einen K\u00f6rper eingebettet sind.<br>Und unsere K\u00f6rperlichkeit beeinflusst damit wie wir f\u00fchlen, denken und handeln. <a href=\"https:\/\/www.deriz.de\/erfolg\/archives\/2760\">mehr dazu<\/a><\/p>\n\n\n\n<p><p><\/p>\n\n<p>Eine ma\u00dfgebliche Rolle spielen dabei die unterschiedlichen Kernbed\u00fcrfnisse, die unserem Verhalten zugrunde liegen. Die Auspr\u00e4gung der Kernbed\u00fcrfnisse ist strukturell im K\u00f6rper festgelegt und in <strong>drei Prim\u00e4rzentren<\/strong> verankert.<sup>[4]<\/sup><\/p><\/p>\n\n\n\n<ol class=\"wp-block-list\">\n<li><strong>sensomotorisches k\u00f6rpernahes Zentrum<\/strong> &#8211; Kernbed\u00fcrfnis: Autonomie<br>Autonomie beschreibt den Grad an Selbstbestimmtheit, mit steuerungsf\u00e4higen Impulsen zu agieren, verkn\u00fcpft mit dem Ausma\u00df an (Frei)raum<\/li>\n\n\n\n<li><strong>emotional regulierendes Zentrum<\/strong> &#8211; Kernbed\u00fcrfnis: Beziehung<br>Soziale Eingebundenheit entsteht durch den Kontakt und Austausch mit anderen und ergibt Beziehung<\/li>\n\n\n\n<li><strong>kognitiv geistiges Zentrum<\/strong> &#8211; Kernbed\u00fcrfnis: Sicherheit<br>Kompetenz entsteht durch \u00dcberblick und Orientierung und schafft Sicherheit<\/li>\n<\/ol>\n\n\n\n<blockquote class=\"wp-block-quote is-style-default is-layout-flow wp-block-quote-is-layout-flow\">\n<p><sup>[4]<\/sup> vgl. Gabriela von Witzleben (2019): Das triadische Prinzip.<\/p>\n<\/blockquote>\n\n\n\n<p>Jeder Mensch ist in einem der drei Zentren prim\u00e4r verankert. In einer weiteren Differenzierung werden drei Energiemuster unterschieden: aktiv, interaktiv und reaktiv. Daraus ergeben sich 3<sup>2<\/sup> unterschiedliche Grundstrukturen.<br>Nach Gabriela von Witzleben stellt diese Grundstruktur so etwas wie das \u201eBetriebssystem\u201c eines Menschen dar &#8211; anders gesagt: wie jemand \u201etickt\u201c.<br>Kennt man seine eigene Grundstruktur werden Wahrnehmungen, Empfindungen und Verhaltensweisen viel klarer. Wir erkennen, weshalb wir reagieren, wie wir reagieren. Wir finden wirksame Ansatzpunkte f\u00fcr tats\u00e4chliche Ver\u00e4nderung, wo wir es w\u00fcnschen, anstatt uns Ver\u00e4nderungen \u201ediszipliniert abzuringen\u201c. Kurz gesagt: wer seine Struktur kennt, kann mit sich selbst und anderen \u201eartgerechter\u201c umgehen.<\/p>\n\n\n\n<p>Nutzen von Strukturbestimmungen generell<\/p>\n\n\n\n<ul class=\"wp-block-list\">\n<li>Unterst\u00fctzung von authentischer Selbstwahrnehmung und positiver Selbstbeziehung<\/li>\n\n\n\n<li>Besseres Verst\u00e4ndnis der eigenen Stressausl\u00f6ser und gelassenerer Umgang damit<\/li>\n\n\n\n<li>Passgenaue Festlegung von Entwicklungszielen und Gestaltung der Wege dort hin<\/li>\n\n\n\n<li>Gleichzeitig entsteht durch das (Er-)kennen der eigenen Struktur eine klarere Vorstellung der Wirkung auf andere.<\/li>\n<\/ul>\n\n\n\n<p>Nutzen von Strukturbestimmungen f\u00fcr Teams<\/p>\n\n\n\n<ul class=\"wp-block-list\">\n<li>In beruflichen Beziehungen, in denen die Beteiligten gegenseitig ihre Strukturen kennen, verl\u00e4uft Kommunikation leichter, nat\u00fcrlicher und<\/li>\n\n\n\n<li>bringt effektivere Ergebnisse hervor.<\/li>\n\n\n\n<li>Der Reibungsverlust reduziert sich erheblich.<\/li>\n\n\n\n<li>Die Struktur des Gegen\u00fcbers bietet eine plausible Erkl\u00e4rung f\u00fcr dessen oder deren Verhalten. Dadurch werden Reaktionen gegenseitig weniger \u201epers\u00f6nlich\u201c genommen.<\/li>\n\n\n\n<li><strong>Das erh\u00f6ht die Professionalit\u00e4t in der Zusammenarbeit deutlich.<\/strong><\/li>\n<\/ul>\n\n\n\n<h3 class=\"wp-block-heading\">Einsatzgebiete f\u00fcr die Methode 3<sup>2<\/sup><\/h3>\n\n\n\n<p>F\u00fchrungskr\u00e4fteentwicklung<br>F\u00f6rderung der positiven Selbstbeziehung<br>Teamentwicklung und -kommunikation<br>Kontaktgestaltung in Organisationen<br>F\u00f6rderung einer kollegialen und konstruktiven Teamatmosph\u00e4re <br>u.v.m.<\/p>\n\n\n\n<p><!-- \/wp:post-content --><\/p>","protected":false},"excerpt":{"rendered":"<p>Wir \u201eticken\u201c alle unterschiedlich. Was f\u00fcr mich passt, treibt andere auf die Palme. Was mich antreibt und motiviert, hat auf andere eher eine Bremswirkung. Wo ich mich langweile, laufen andere zu Hochform auf. Und so weiter und so weiter. Diese Unterschiede kennen wir alle &#8211; [&hellip;]<\/p>\n","protected":false},"author":1,"featured_media":0,"parent":0,"menu_order":1,"comment_status":"closed","ping_status":"closed","template":"","meta":{"footnotes":""},"class_list":["post-2480","page","type-page","status-publish","hentry","clearfix"],"_links":{"self":[{"href":"https:\/\/www.deriz.de\/erfolg\/wp-json\/wp\/v2\/pages\/2480","targetHints":{"allow":["GET"]}}],"collection":[{"href":"https:\/\/www.deriz.de\/erfolg\/wp-json\/wp\/v2\/pages"}],"about":[{"href":"https:\/\/www.deriz.de\/erfolg\/wp-json\/wp\/v2\/types\/page"}],"author":[{"embeddable":true,"href":"https:\/\/www.deriz.de\/erfolg\/wp-json\/wp\/v2\/users\/1"}],"replies":[{"embeddable":true,"href":"https:\/\/www.deriz.de\/erfolg\/wp-json\/wp\/v2\/comments?post=2480"}],"version-history":[{"count":40,"href":"https:\/\/www.deriz.de\/erfolg\/wp-json\/wp\/v2\/pages\/2480\/revisions"}],"predecessor-version":[{"id":2770,"href":"https:\/\/www.deriz.de\/erfolg\/wp-json\/wp\/v2\/pages\/2480\/revisions\/2770"}],"wp:attachment":[{"href":"https:\/\/www.deriz.de\/erfolg\/wp-json\/wp\/v2\/media?parent=2480"}],"curies":[{"name":"wp","href":"https:\/\/api.w.org\/{rel}","templated":true}]}}