{"id":2623,"date":"2020-03-26T10:58:23","date_gmt":"2020-03-26T10:58:23","guid":{"rendered":"https:\/\/www.deriz.de\/erfolg\/?page_id=2623"},"modified":"2024-06-07T11:15:43","modified_gmt":"2024-06-07T11:15:43","slug":"wir-bleiben-zuhause-kartenset-zur-soforthilfe","status":"publish","type":"page","link":"https:\/\/www.deriz.de\/erfolg\/wir-bleiben-zuhause-kartenset-zur-soforthilfe","title":{"rendered":"Emotionale Selbsthilfe in Krisenzeiten"},"content":{"rendered":"\n<figure class=\"wp-block-image size-large is-resized is-style-default\"><a href=\"https:\/\/www.innen-leben.org\/karten-set\/\" target=\"_blank\" rel=\"noreferrer noopener\"><img loading=\"lazy\" decoding=\"async\" src=\"https:\/\/www.deriz.de\/erfolg\/wp-content\/uploads\/2020\/03\/InnenLeben_2-1024x768.jpeg\" alt=\"Kartenset\" class=\"wp-image-2612\" width=\"256\" height=\"192\"\/><\/a><figcaption class=\"wp-element-caption\">\u00a9 2020 Innen-Leben<\/figcaption><\/figure>\n\n\n\n<p><strong>INNEN-LEBEN:<\/strong>\u00a0St\u00e4rkende S\u00e4tze und Videos zur emotionalen Selbsthilfe in heftigen Zeiten. <br>Dr. Michael Bohne und Dr. Sabine Ebersberger haben zusammen ein einfach anzuwendendes und hochwirksames Selbsthilfe-Tool entwickelt. Aktuelle Herausforderungen wie zum Beispiel Kriege und Klimakatastrophen k\u00f6nnen Stressreaktionen, Sorgen, \u00c4ngste und N\u00f6te ausl\u00f6sen. Die Videos und Kartensets unterst\u00fctzen bei der emotionalen Bew\u00e4ltigung und st\u00e4rken unsere inneren Abwehrkr\u00e4fte.<br> <a rel=\"noreferrer noopener\" href=\"https:\/\/www.innen-leben.org\/karten-set\/\" target=\"_blank\">Hier geht&#8217;s zur Website und zum  Kartenset zum Ausdrucken.<\/a><\/p>\n\n\n\n<p>\u00a9 2020 <a href=\"https:\/\/www.innen-leben.org\/\" target=\"_blank\" rel=\"noreferrer noopener\" aria-label=\" (\u00f6ffnet in neuem Tab)\">Innen-Leben<\/a><br>Eine Initiative von <a href=\"https:\/\/www.dr-michael-bohne.de\/\" target=\"_blank\" rel=\"noreferrer noopener\" aria-label=\"Dr. med. Michael Bohne (\u00f6ffnet in neuem Tab)\">Dr. med. Michael Bohne<\/a> und <a href=\"http:\/\/www.sabineebersberger.de\/\" target=\"_blank\" rel=\"noreferrer noopener\" aria-label=\"Dr. Sabine Ebersberger (\u00f6ffnet in neuem Tab)\">Dr. Sabine Ebersberger<\/a><\/p>\n","protected":false},"excerpt":{"rendered":"<p>INNEN-LEBEN:\u00a0St\u00e4rkende S\u00e4tze und Videos zur emotionalen Selbsthilfe in heftigen Zeiten. Dr. Michael Bohne und Dr. Sabine Ebersberger haben zusammen ein einfach anzuwendendes und hochwirksames Selbsthilfe-Tool entwickelt. Aktuelle Herausforderungen wie zum Beispiel Kriege und Klimakatastrophen k\u00f6nnen Stressreaktionen, Sorgen, \u00c4ngste und N\u00f6te ausl\u00f6sen. Die Videos und Kartensets [&hellip;]<\/p>\n","protected":false},"author":1,"featured_media":0,"parent":0,"menu_order":6,"comment_status":"closed","ping_status":"closed","template":"","meta":{"footnotes":""},"class_list":["post-2623","page","type-page","status-publish","hentry","clearfix"],"_links":{"self":[{"href":"https:\/\/www.deriz.de\/erfolg\/wp-json\/wp\/v2\/pages\/2623","targetHints":{"allow":["GET"]}}],"collection":[{"href":"https:\/\/www.deriz.de\/erfolg\/wp-json\/wp\/v2\/pages"}],"about":[{"href":"https:\/\/www.deriz.de\/erfolg\/wp-json\/wp\/v2\/types\/page"}],"author":[{"embeddable":true,"href":"https:\/\/www.deriz.de\/erfolg\/wp-json\/wp\/v2\/users\/1"}],"replies":[{"embeddable":true,"href":"https:\/\/www.deriz.de\/erfolg\/wp-json\/wp\/v2\/comments?post=2623"}],"version-history":[{"count":19,"href":"https:\/\/www.deriz.de\/erfolg\/wp-json\/wp\/v2\/pages\/2623\/revisions"}],"predecessor-version":[{"id":2792,"href":"https:\/\/www.deriz.de\/erfolg\/wp-json\/wp\/v2\/pages\/2623\/revisions\/2792"}],"wp:attachment":[{"href":"https:\/\/www.deriz.de\/erfolg\/wp-json\/wp\/v2\/media?parent=2623"}],"curies":[{"name":"wp","href":"https:\/\/api.w.org\/{rel}","templated":true}]}}