{"id":287,"date":"2011-06-06T11:46:03","date_gmt":"2011-06-06T11:46:03","guid":{"rendered":"http:\/\/www.deriz.de\/erfolg"},"modified":"2025-01-23T16:38:16","modified_gmt":"2025-01-23T16:38:16","slug":"impressum","status":"publish","type":"page","link":"https:\/\/www.deriz.de\/erfolg\/kontakt\/impressum","title":{"rendered":"Impressum"},"content":{"rendered":"<p>Verantwortlich f\u00fcr Inhalt und Design dieser Website<\/p>\n<p>Dipl.-Soz. Andrea de Riz . Systemische Beratung, Coaching &amp; Supervision<\/p>\n<p>Kettelerstra\u00dfe 48<br \/>\nD-66333 V\u00f6lklingen<\/p>\n<p>fon\u00a0 +49 (0)176 830 590 59<\/p>\n<p>mail andrea(at)deriz.de<br \/>\nhomepage <a href=\"https:\/\/www.deriz.de\/\">www.deriz.de<\/a><\/p>\n<p>Steuer-Nr.: 040\/224\/14106<\/p>\n<p>Nutzungsbedingungen<br \/>\nTrotz sorgf\u00e4ltiger Kontrolle \u00fcbernehme ich keine Haftung f\u00fcr die Inhalte externer Links.<br \/>\nDie Gestaltung dieser Internetseite, alle Inhalte und Abbildungen sind urheberrechtlich gesch\u00fctzt und d\u00fcrfen, auch in abgewandelter Form, nur mit vorheriger schriftlicher Genehmigung kopiert, ver\u00e4ndert oder entnommen werden.<\/p>\n<p>Powered by <a href=\"https:\/\/wordpress.org\/\" target=\"_blank\" rel=\"noopener noreferrer\">WordPress<\/a> | Theme: <a href=\"https:\/\/athemes.com\/theme\/astrid\" target=\"_blank\" rel=\"noopener noreferrer\">Astrid by aThemes<\/a>.<\/p>\n","protected":false},"excerpt":{"rendered":"<p>Verantwortlich f\u00fcr Inhalt und Design dieser Website Dipl.-Soz. Andrea de Riz . Systemische Beratung, Coaching &amp; Supervision Kettelerstra\u00dfe 48 D-66333 V\u00f6lklingen fon\u00a0 +49 (0)176 830 590 59 mail andrea(at)deriz.de homepage www.deriz.de Steuer-Nr.: 040\/224\/14106 Nutzungsbedingungen Trotz sorgf\u00e4ltiger Kontrolle \u00fcbernehme ich keine Haftung f\u00fcr die Inhalte externer [&hellip;]<\/p>\n","protected":false},"author":1,"featured_media":0,"parent":184,"menu_order":6,"comment_status":"closed","ping_status":"closed","template":"","meta":{"footnotes":""},"class_list":["post-287","page","type-page","status-publish","hentry","clearfix"],"_links":{"self":[{"href":"https:\/\/www.deriz.de\/erfolg\/wp-json\/wp\/v2\/pages\/287","targetHints":{"allow":["GET"]}}],"collection":[{"href":"https:\/\/www.deriz.de\/erfolg\/wp-json\/wp\/v2\/pages"}],"about":[{"href":"https:\/\/www.deriz.de\/erfolg\/wp-json\/wp\/v2\/types\/page"}],"author":[{"embeddable":true,"href":"https:\/\/www.deriz.de\/erfolg\/wp-json\/wp\/v2\/users\/1"}],"replies":[{"embeddable":true,"href":"https:\/\/www.deriz.de\/erfolg\/wp-json\/wp\/v2\/comments?post=287"}],"version-history":[{"count":21,"href":"https:\/\/www.deriz.de\/erfolg\/wp-json\/wp\/v2\/pages\/287\/revisions"}],"predecessor-version":[{"id":2795,"href":"https:\/\/www.deriz.de\/erfolg\/wp-json\/wp\/v2\/pages\/287\/revisions\/2795"}],"up":[{"embeddable":true,"href":"https:\/\/www.deriz.de\/erfolg\/wp-json\/wp\/v2\/pages\/184"}],"wp:attachment":[{"href":"https:\/\/www.deriz.de\/erfolg\/wp-json\/wp\/v2\/media?parent=287"}],"curies":[{"name":"wp","href":"https:\/\/api.w.org\/{rel}","templated":true}]}}