{"id":295,"date":"2011-06-06T12:26:27","date_gmt":"2011-06-06T12:26:27","guid":{"rendered":"http:\/\/www.deriz.de\/erfolg"},"modified":"2019-09-19T10:47:44","modified_gmt":"2019-09-19T10:47:44","slug":"businesscoaching-2","status":"publish","type":"page","link":"https:\/\/www.deriz.de\/erfolg\/businesscoaching-2","title":{"rendered":"Supervision"},"content":{"rendered":"<p>Damit Menschen, die zusammen an einer Aufgabe arbeiten, auch ein fruchtbares Team bilden und damit eine hohe Ergebnisqualit\u00e4t erzielen, ist eine bewusste Balance zwischen Ziel- und Prozessorientierung erforderlich. Die Qualit\u00e4t der Zusammenarbeit in Teams ist ein wesentlicher Faktor f\u00fcr Erfolg oder Misserfolg von Arbeitsabl\u00e4ufen und Projekten in Organisationen und Unternehmen. Damit Sie mit Ihrem Angebot Erfolg haben, m\u00fcssen F\u00fchrungskr\u00e4fte und Mitarbeitende davon \u00fcberzeugt sein und ein gemeinsames Ziel vor Augen haben.<\/p>\n<p>Systemische TeamSupervision setzt deshalb bei einer genauen Ziel- und Auftragskl\u00e4rung\u00a0 sowie bei den Kommunikationsprozessen im Team an und unterst\u00fctzt zum Beispiel die<\/p>\n<ul>\n<li>L\u00f6sung von offenen oder verdeckten Konflikten<\/li>\n<li>Optimierung von Entwicklungsm\u00f6glichkeiten der Mitglieder\u00a0 im Team bzw. f\u00fcr das Team als Ganzes<\/li>\n<li>Optimierung von Entwicklungsm\u00f6glichkeiten f\u00fcr die Organisation oder das Unternehmen<\/li>\n<\/ul>\n","protected":false},"excerpt":{"rendered":"<p>Damit Menschen, die zusammen an einer Aufgabe arbeiten, auch ein fruchtbares Team bilden und damit eine hohe Ergebnisqualit\u00e4t erzielen, ist eine bewusste Balance zwischen Ziel- und Prozessorientierung erforderlich. Die Qualit\u00e4t der Zusammenarbeit in Teams ist ein wesentlicher Faktor f\u00fcr Erfolg oder Misserfolg von Arbeitsabl\u00e4ufen und [&hellip;]<\/p>\n","protected":false},"author":1,"featured_media":0,"parent":0,"menu_order":3,"comment_status":"closed","ping_status":"closed","template":"","meta":{"footnotes":""},"class_list":["post-295","page","type-page","status-publish","hentry","clearfix"],"_links":{"self":[{"href":"https:\/\/www.deriz.de\/erfolg\/wp-json\/wp\/v2\/pages\/295","targetHints":{"allow":["GET"]}}],"collection":[{"href":"https:\/\/www.deriz.de\/erfolg\/wp-json\/wp\/v2\/pages"}],"about":[{"href":"https:\/\/www.deriz.de\/erfolg\/wp-json\/wp\/v2\/types\/page"}],"author":[{"embeddable":true,"href":"https:\/\/www.deriz.de\/erfolg\/wp-json\/wp\/v2\/users\/1"}],"replies":[{"embeddable":true,"href":"https:\/\/www.deriz.de\/erfolg\/wp-json\/wp\/v2\/comments?post=295"}],"version-history":[{"count":26,"href":"https:\/\/www.deriz.de\/erfolg\/wp-json\/wp\/v2\/pages\/295\/revisions"}],"predecessor-version":[{"id":2525,"href":"https:\/\/www.deriz.de\/erfolg\/wp-json\/wp\/v2\/pages\/295\/revisions\/2525"}],"wp:attachment":[{"href":"https:\/\/www.deriz.de\/erfolg\/wp-json\/wp\/v2\/media?parent=295"}],"curies":[{"name":"wp","href":"https:\/\/api.w.org\/{rel}","templated":true}]}}