{"id":379,"date":"2011-06-12T16:33:01","date_gmt":"2011-06-12T16:33:01","guid":{"rendered":"http:\/\/www.deriz.de\/erfolg"},"modified":"2025-05-27T17:52:33","modified_gmt":"2025-05-27T17:52:33","slug":"ich-bin","status":"publish","type":"page","link":"https:\/\/www.deriz.de\/erfolg\/kontakt\/ich-bin","title":{"rendered":"Ihr Coach"},"content":{"rendered":"\n<p>Andrea de Riz . Seit 2000 Systemische Beratung, Coaching und Supervision<\/p>\n\n\n<div class=\"wp-block-image\">\n<figure class=\"alignleft\"><img loading=\"lazy\" decoding=\"async\" width=\"300\" height=\"287\" src=\"https:\/\/www.deriz.de\/erfolg\/wp-content\/uploads\/2020\/02\/AdR_Portrait-Sessel_web.jpeg\" alt=\"Ihr Coach\" class=\"wp-image-2587\" srcset=\"https:\/\/www.deriz.de\/erfolg\/wp-content\/uploads\/2020\/02\/AdR_Portrait-Sessel_web.jpeg 300w, https:\/\/www.deriz.de\/erfolg\/wp-content\/uploads\/2020\/02\/AdR_Portrait-Sessel_web-250x239.jpeg 250w, https:\/\/www.deriz.de\/erfolg\/wp-content\/uploads\/2020\/02\/AdR_Portrait-Sessel_web-100x96.jpeg 100w\" sizes=\"auto, (max-width: 300px) 100vw, 300px\" \/><\/figure>\n<\/div>\n\n\n<p>Diplom-Soziologin . Systemische Coach (EASC und I.T.S) . Lehrsupervisorin (sys-TEM) . Lehrcoach f\u00fcr die Ausbildung \u201eZertifizierte:r Business-Coach\u201c (JG-Universit\u00e4t Mainz) . Coaching mit PEP\u00a9 (nach <a href=\"https:\/\/www.dr-michael-bohne.de\/\" target=\"_blank\" rel=\"noreferrer noopener\">Dr. Bohne<\/a>) . Coaching mit dem Triadischen Prinzip\u00a0 (<a href=\"https:\/\/www.triadische-systemik.de\/\" target=\"_blank\" rel=\"noreferrer noopener\">I.T.S<\/a>)<\/p>\n\n\n\n<h2 class=\"wp-block-heading\">Meine St\u00e4rken <\/h2>\n\n\n\n<p>Ich h\u00f6re zu, ich beobachte, ich frage nach. Ich nehme Sie und Ihr Anliegen aufmerksam wahr. Ich lade Sie zu einem gemeinsamen Prozess ein, der Ihnen einen hilfreichen Perspektivwechsel, das Erleben von Selbstwirksamkeit und innere Klarheit schenkt. <\/p>\n\n\n\n<p>Sie erleben, wie Sie sich bei starken Emotionen, Stress und Belastung schnell wieder selbst regulieren k\u00f6nnen. Sie lernen Ihre eigenen Ressourcen deutlicher wahrzunehmen und, sie bei Bedarf zu aktivieren. Dies st\u00e4rkt Ihre Umsetzungskompetenz f\u00fcr Ihre Aufgaben und Ziele. <br><\/p>\n\n\n\n<p>Anliegen, die ich h\u00e4ufig bearbeite sind <\/p>\n\n\n\n<ul class=\"wp-block-list\">\n<li>Selbstregulation bei belastenden Emotionen und Stress<\/li>\n\n\n\n<li>Umgang mit Ver\u00e4nderungen<\/li>\n\n\n\n<li>Aufl\u00f6sen von Konflikten <\/li>\n\n\n\n<li>Vertikale Kommunikation in Organisationen<\/li>\n\n\n\n<li>Kommunikation im Team (wieder) in Flu\u00df bringen  <\/li>\n\n\n\n<li>Rollenverst\u00e4ndnis und authentische F\u00fchrungskompetenz<\/li>\n\n\n\n<li>Erkennen von Motiven und (Lebens-)Zielen<\/li>\n<\/ul>\n\n\n\n<h2 class=\"wp-block-heading\">Meine Qualifikation<\/h2>\n\n\n\n<p>Diplom-Soziologin\/Sozialpsychologie, Universit\u00e4t Saarbr\u00fccken<\/p>\n\n\n\n<p>Zertifizierte Systemische Coach EASC &#8211; European Association for Supervision and Coaching, sys-TEM Karlsruhe<\/p>\n\n\n\n<p>Zertifizierte Systemische Coach, I.T.S &#8211; Institut f\u00fcr Triadische Systemik Konstanz, Gabriela von Witzleben <\/p>\n\n\n\n<p>Akkreditierte Lehrsupervisorin, Systemisches Institut Karlsruhe sys-TEM<\/p>\n\n\n\n<p>Lehrcoach f\u00fcr die Ausbildung \u201eZertifizierte:r Business-Coach\u201c, JG-Universit\u00e4t Mainz<\/p>\n\n\n\n<p>Coaching mit dem Triadischen Prinzip, I.T.S &#8211; Institut f\u00fcr Triadische Systemik Konstanz, Gabriela von Witzleben <\/p>\n\n\n\n<p>Prozess- und embodimentfokussierte Psychologie Fortbildung PEP\u00ae, Dr. Michael Bohne, Hannover<\/p>\n\n\n\n<p><\/p>\n\n\n\n<h2 class=\"wp-block-heading\">Meine Arbeitsweise<\/h2>\n\n\n\n<p>Grundlage meiner Arbeit sind systemische und embodimentale Konzepte. Daraus resultiert eine wertungsarme Haltung in Beratung, Coaching und Supervision. Die angebotenen Interventionen, Anregungen und Impulse orientieren sich am vereinbarten Ziel sowie am Prozess, also den Erkenntnissen und Erfahrungen, die sich im Laufe der Beratung, der Supervision oder des Coachings zeigen.<\/p>\n\n\n\n<p>Laut EASC ist Coaching ein besonderes Beratungskonzept. Im Coaching sollen Menschen dazu angeregt und dabei begleitet werden, eigene L\u00f6sungen ihrer Anliegen zu entdecken, zu entwickeln und umzusetzen. Dabei k\u00f6nnen individuelle Leistungspotenziale erkannt und\/oder optimiert und &#8222;gesunde Lebenszusammenh\u00e4nge&#8220; hergestellt werden. Grundlage f\u00fcr diese Arbeit sind die strengen <a href=\"https:\/\/www.easc-online.eu\/ueber-uns\/ethikrichtlinien\" target=\"_blank\" rel=\"noopener\">Ethik-Richtlinien<\/a> des Verbandes.<\/p>\n\n\n\n<p>Durch eine genaue Auftragskl\u00e4rung und Zielvereinbarung sind oft nur wenige Termine erforderlich. Dabei leitet mich das Motto \u201eWie statt warum\u201c. Das bedeutet, wir lenke mehr Aufmerksamkeit auf die Frage \u201eWie komme ich weiter?\u201c als anhaltend nach den Ursachen zu forschen.<\/p>\n\n\n\n<h4 class=\"wp-block-heading\"><\/h4>\n\n\n\n<p><\/p>\n","protected":false},"excerpt":{"rendered":"<p>Andrea de Riz . Seit 2000 Systemische Beratung, Coaching und Supervision Diplom-Soziologin . Systemische Coach (EASC und I.T.S) . Lehrsupervisorin (sys-TEM) . Lehrcoach f\u00fcr die Ausbildung \u201eZertifizierte:r Business-Coach\u201c (JG-Universit\u00e4t Mainz) . Coaching mit PEP\u00a9 (nach Dr. Bohne) . Coaching mit dem Triadischen Prinzip\u00a0 (I.T.S) Meine [&hellip;]<\/p>\n","protected":false},"author":1,"featured_media":0,"parent":184,"menu_order":1,"comment_status":"closed","ping_status":"open","template":"","meta":{"footnotes":""},"class_list":["post-379","page","type-page","status-publish","hentry","clearfix"],"_links":{"self":[{"href":"https:\/\/www.deriz.de\/erfolg\/wp-json\/wp\/v2\/pages\/379","targetHints":{"allow":["GET"]}}],"collection":[{"href":"https:\/\/www.deriz.de\/erfolg\/wp-json\/wp\/v2\/pages"}],"about":[{"href":"https:\/\/www.deriz.de\/erfolg\/wp-json\/wp\/v2\/types\/page"}],"author":[{"embeddable":true,"href":"https:\/\/www.deriz.de\/erfolg\/wp-json\/wp\/v2\/users\/1"}],"replies":[{"embeddable":true,"href":"https:\/\/www.deriz.de\/erfolg\/wp-json\/wp\/v2\/comments?post=379"}],"version-history":[{"count":49,"href":"https:\/\/www.deriz.de\/erfolg\/wp-json\/wp\/v2\/pages\/379\/revisions"}],"predecessor-version":[{"id":2803,"href":"https:\/\/www.deriz.de\/erfolg\/wp-json\/wp\/v2\/pages\/379\/revisions\/2803"}],"up":[{"embeddable":true,"href":"https:\/\/www.deriz.de\/erfolg\/wp-json\/wp\/v2\/pages\/184"}],"wp:attachment":[{"href":"https:\/\/www.deriz.de\/erfolg\/wp-json\/wp\/v2\/media?parent=379"}],"curies":[{"name":"wp","href":"https:\/\/api.w.org\/{rel}","templated":true}]}}