{"id":675,"date":"2012-01-26T11:39:13","date_gmt":"2012-01-26T11:39:13","guid":{"rendered":"http:\/\/www.deriz.de\/erfolg"},"modified":"2023-04-14T11:50:26","modified_gmt":"2023-04-14T11:50:26","slug":"coaching","status":"publish","type":"page","link":"https:\/\/www.deriz.de\/erfolg\/coaching","title":{"rendered":"Berufliches Coaching"},"content":{"rendered":"<p><img loading=\"lazy\" decoding=\"async\" class=\"size-full wp-image-2571 alignleft\" src=\"https:\/\/www.deriz.de\/erfolg\/wp-content\/uploads\/2020\/02\/AdR_Whiteboard_web.jpeg\" alt=\"Berufliches Coaching\" width=\"400\" height=\"300\" srcset=\"https:\/\/www.deriz.de\/erfolg\/wp-content\/uploads\/2020\/02\/AdR_Whiteboard_web.jpeg 400w, https:\/\/www.deriz.de\/erfolg\/wp-content\/uploads\/2020\/02\/AdR_Whiteboard_web-300x225.jpeg 300w, https:\/\/www.deriz.de\/erfolg\/wp-content\/uploads\/2020\/02\/AdR_Whiteboard_web-360x270.jpeg 360w, https:\/\/www.deriz.de\/erfolg\/wp-content\/uploads\/2020\/02\/AdR_Whiteboard_web-250x188.jpeg 250w, https:\/\/www.deriz.de\/erfolg\/wp-content\/uploads\/2020\/02\/AdR_Whiteboard_web-100x75.jpeg 100w\" sizes=\"auto, (max-width: 400px) 100vw, 400px\" \/>Coaching rund um Ihre berufliche Entwicklung und Ihren Berufsalltag.<\/p>\n<ul>\n<li><a title=\"Coaching rund um Ihre Karriere\" href=\"https:\/\/www.deriz.de\/erfolg\/coaching\/karrierecoaching\">Karriere<br \/>\n<\/a>Karriereplanung und -entwicklung, F\u00fchrungsaufgaben, Rollen- und Aufgabenklarheit, Team-Konflikte, Konkurrenz und Machtspiele etc.<\/li>\n<li><a title=\"Coaching f\u00fcr Ihren starken Auftritt\" href=\"https:\/\/www.deriz.de\/erfolg\/coaching\/businesscoaching\">Pr\u00e4senz und Kommunikation<\/a> im Job<br \/>\nSelbstsicherheit und -pr\u00e4sentation, \u00fcberzeugende Kommunikation mit Kollegen und Vorgesetzten, Ideen vermitteln, Argumente vertreten, etc.<\/li>\n<\/ul>\n","protected":false},"excerpt":{"rendered":"<p>Coaching rund um Ihre berufliche Entwicklung und Ihren Berufsalltag. Karriere Karriereplanung und -entwicklung, F\u00fchrungsaufgaben, Rollen- und Aufgabenklarheit, Team-Konflikte, Konkurrenz und Machtspiele etc. Pr\u00e4senz und Kommunikation im Job Selbstsicherheit und -pr\u00e4sentation, \u00fcberzeugende Kommunikation mit Kollegen und Vorgesetzten, Ideen vermitteln, Argumente vertreten, etc.<\/p>\n","protected":false},"author":1,"featured_media":0,"parent":0,"menu_order":2,"comment_status":"closed","ping_status":"closed","template":"","meta":{"footnotes":""},"class_list":["post-675","page","type-page","status-publish","hentry","clearfix"],"_links":{"self":[{"href":"https:\/\/www.deriz.de\/erfolg\/wp-json\/wp\/v2\/pages\/675","targetHints":{"allow":["GET"]}}],"collection":[{"href":"https:\/\/www.deriz.de\/erfolg\/wp-json\/wp\/v2\/pages"}],"about":[{"href":"https:\/\/www.deriz.de\/erfolg\/wp-json\/wp\/v2\/types\/page"}],"author":[{"embeddable":true,"href":"https:\/\/www.deriz.de\/erfolg\/wp-json\/wp\/v2\/users\/1"}],"replies":[{"embeddable":true,"href":"https:\/\/www.deriz.de\/erfolg\/wp-json\/wp\/v2\/comments?post=675"}],"version-history":[{"count":28,"href":"https:\/\/www.deriz.de\/erfolg\/wp-json\/wp\/v2\/pages\/675\/revisions"}],"predecessor-version":[{"id":2757,"href":"https:\/\/www.deriz.de\/erfolg\/wp-json\/wp\/v2\/pages\/675\/revisions\/2757"}],"wp:attachment":[{"href":"https:\/\/www.deriz.de\/erfolg\/wp-json\/wp\/v2\/media?parent=675"}],"curies":[{"name":"wp","href":"https:\/\/api.w.org\/{rel}","templated":true}]}}